{"id":2085,"date":"2023-10-03T16:23:40","date_gmt":"2023-10-03T14:23:40","guid":{"rendered":"https:\/\/www.ultraschallpraxis-hartung.de\/?page_id=2085"},"modified":"2023-10-13T12:50:38","modified_gmt":"2023-10-13T10:50:38","slug":"dr-susanne-heinze","status":"publish","type":"page","link":"https:\/\/www.ultraschallpraxis-hartung.de\/en\/dr-susanne-heinze\/","title":{"rendered":"Dr Susanne Heinze"},"content":{"rendered":"<div data-elementor-type=\"wp-page\" data-elementor-id=\"2085\" class=\"elementor elementor-2085\" data-elementor-post-type=\"page\">\n\t\t\t\t\t\t<section class=\"elementor-section elementor-top-section elementor-element elementor-element-ebb1c23 elementor-section-height-min-height elementor-section-items-stretch elementor-section-content-bottom header elementor-section-boxed elementor-section-height-default\" data-id=\"ebb1c23\" data-element_type=\"section\" data-settings=\"{&quot;background_background&quot;:&quot;classic&quot;}\">\n\t\t\t\t\t\t<div class=\"elementor-container elementor-column-gap-default\">\n\t\t\t\t\t<div class=\"elementor-column elementor-col-100 elementor-top-column elementor-element elementor-element-e92e13e\" data-id=\"e92e13e\" data-element_type=\"column\">\n\t\t\t<div class=\"elementor-widget-wrap elementor-element-populated\">\n\t\t\t\t\t\t<div class=\"elementor-element elementor-element-63b646c elementor-widget elementor-widget-heading\" data-id=\"63b646c\" data-element_type=\"widget\" data-widget_type=\"heading.default\">\n\t\t\t\t<div class=\"elementor-widget-container\">\n\t\t\t\t\t<h1 class=\"elementor-heading-title elementor-size-default\">Our practice - Dr Susanne Heinze<\/h1>\t\t\t\t<\/div>\n\t\t\t\t<\/div>\n\t\t\t\t\t<\/div>\n\t\t<\/div>\n\t\t\t\t\t<\/div>\n\t\t<\/section>\n\t\t\t\t<section class=\"elementor-section elementor-top-section elementor-element elementor-element-09d3754 elementor-section-boxed elementor-section-height-default elementor-section-height-default\" data-id=\"09d3754\" data-element_type=\"section\">\n\t\t\t\t\t\t<div class=\"elementor-container elementor-column-gap-default\">\n\t\t\t\t\t<div class=\"elementor-column elementor-col-50 elementor-top-column elementor-element elementor-element-3d6127f\" data-id=\"3d6127f\" data-element_type=\"column\">\n\t\t\t<div class=\"elementor-widget-wrap elementor-element-populated\">\n\t\t\t\t\t\t<div class=\"elementor-element elementor-element-5d2882d elementor-widget elementor-widget-heading\" data-id=\"5d2882d\" data-element_type=\"widget\" data-widget_type=\"heading.default\">\n\t\t\t\t<div class=\"elementor-widget-container\">\n\t\t\t\t\t<h2 class=\"elementor-heading-title elementor-size-default\">Dr Susanne Heinze<\/h2>\t\t\t\t<\/div>\n\t\t\t\t<\/div>\n\t\t\t\t<div class=\"elementor-element elementor-element-8e7ab1d elementor-widget elementor-widget-heading\" data-id=\"8e7ab1d\" data-element_type=\"widget\" data-widget_type=\"heading.default\">\n\t\t\t\t<div class=\"elementor-widget-container\">\n\t\t\t\t\t<h4 class=\"elementor-heading-title elementor-size-default\"><h4 data-elementor-setting-key=\"title\" data-pen-placeholder=\"Eingabe hier...\" style=\"letter-spacing: normal;text-transform: none\">Your expert for prenatal diagnostics at the highest level<\/h4><\/h4>\t\t\t\t<\/div>\n\t\t\t\t<\/div>\n\t\t\t\t<div class=\"elementor-element elementor-element-3618b37 elementor-widget elementor-widget-text-editor\" data-id=\"3618b37\" data-element_type=\"widget\" data-widget_type=\"text-editor.default\">\n\t\t\t\t<div class=\"elementor-widget-container\">\n\t\t\t\t\t\t\t\t\t<p><strong>Here I would like to introduce myself briefly:<\/strong><\/p>\n<p>I have been working in prenatal medicine and prenatal diagnostics for over 20 years and offer my services at the highest level. My many years of experience and commitment are complemented by regular professional dialogue at national and international congresses. As a result, I am always up to date with the latest scientific developments and am very well networked - both interdisciplinary and with leading specialists throughout Germany and internationally. My aim is for you, dear parents-to-be, to benefit from precisely this nationwide network if necessary.<\/p>\n<p><br><\/p>\n<p><\/p>\n<p>I studied at the FU Berlin and graduated in 1989. In 2003, I completed my doctorate under Prof Kentenich, with the focus of my work being an aspect of \"fertility\" treatment. I have been a specialist in gynaecology and obstetrics since 2001 and established myself as a gynaecologist specialising in prenatal diagnostics in Berlin in 2003.<\/p>\n<p><br><\/p>\n<p><\/p>\n<p>I have been certified by the Fetal Medicine Foundation London (FMF London) for first trimester screening since 2002 and am authorised by the Kassen\u00e4rztliche Vereinigung Berlin to perform all prenatal diagnostic services.<\/p>\n<p><br><\/p>\n<p><\/p>\n<p>Since 1 October 2023, I have moved my consultation hours from Sch\u00f6neberg to Steglitz, giving me the privilege of being part of the great team at Schlo\u00dfstra\u00dfe 88 together with Dr John Hartung. Together we strive to provide the best care and counselling for pregnant women. In addition to my clinical work, I am active in various professional societies.<\/p>\n<p><br><\/p>\n<p><\/p>\n<p>It is important to me to keep up to date with the latest scientific developments in order to offer you the best possible advice and care during your pregnancy.<\/p>\n<p><br><\/p>\n<p><\/p>\n<p><b>Memberships in professional associations:<\/b><\/p>\n<ul>\n<li>Fetal Medicine Foundation London (FMF London)<\/li>\n<li>International Society of Ultrasound in Obstetrics and Gynecology (ISUOG)<\/li>\n<li>German Society for Ultrasound in Medicine (DEGUM)<\/li>\n<li>Professional Association of Practising Prenatal Physicians (BVNP e.V.)<\/li>\n<li>Society for Obstetrics and Gynaecology in Berlin (GGG)<\/li>\n<li>German Society for Gynaecology and Obstetrics (DGGG)<\/li>\n<li>German Society for Psychosomatic Gynaecology and Obstetrics (DGPFG e.V.)<\/li>\n<\/ul>\n<p><br><\/p>\n<p><\/p>\n<p>I look forward to welcoming you to our practice and accompanying you during this special time in your life.<\/p>\n<p><br><\/p>\n<p><\/p>\n<p>Sincerely,<\/p>\n<p><br><\/p>\n<p><\/p>\n<p>Dr Susanne Heinze<\/p>\t\t\t\t\t\t\t\t<\/div>\n\t\t\t\t<\/div>\n\t\t\t\t\t<\/div>\n\t\t<\/div>\n\t\t\t\t<div class=\"elementor-column elementor-col-50 elementor-top-column elementor-element elementor-element-cd58ec9\" data-id=\"cd58ec9\" data-element_type=\"column\" data-settings=\"{&quot;background_background&quot;:&quot;classic&quot;}\">\n\t\t\t<div class=\"elementor-widget-wrap elementor-element-populated\">\n\t\t\t\t\t\t<div class=\"elementor-element elementor-element-dbfa6db elementor--h-position-center elementor--v-position-middle elementor-arrows-position-inside elementor-pagination-position-inside elementor-widget elementor-widget-slides\" data-id=\"dbfa6db\" data-element_type=\"widget\" data-settings=\"{&quot;autoplay_speed&quot;:3000,&quot;transition&quot;:&quot;fade&quot;,&quot;transition_speed&quot;:1000,&quot;navigation&quot;:&quot;both&quot;,&quot;autoplay&quot;:&quot;yes&quot;,&quot;infinite&quot;:&quot;yes&quot;}\" data-widget_type=\"slides.default\">\n\t\t\t\t<div class=\"elementor-widget-container\">\n\t\t\t\t\t\t\t\t\t<div class=\"elementor-swiper\">\n\t\t\t\t\t<div class=\"elementor-slides-wrapper elementor-main-swiper swiper\" role=\"region\" aria-roledescription=\"carousel\" aria-label=\"Slider\" dir=\"ltr\" data-animation=\"\">\n\t\t\t\t<div class=\"swiper-wrapper elementor-slides\">\n\t\t\t\t\t\t\t\t\t\t<div class=\"elementor-repeater-item-297ea60 swiper-slide\" role=\"group\" aria-roledescription=\"slide\"><div class=\"swiper-slide-bg\" role=\"img\" aria-label=\"IMG_5358 Copy\"><\/div><div class=\"swiper-slide-inner\" ><div class=\"swiper-slide-contents\"><\/div><\/div><\/div>\t\t\t\t<\/div>\n\t\t\t\t\t\t\t<\/div>\n\t\t\t\t<\/div>\n\t\t\t\t\t\t\t\t<\/div>\n\t\t\t\t<\/div>\n\t\t\t\t<div class=\"elementor-element elementor-element-498ea4b elementor-widget elementor-widget-spacer\" data-id=\"498ea4b\" data-element_type=\"widget\" data-widget_type=\"spacer.default\">\n\t\t\t\t<div class=\"elementor-widget-container\">\n\t\t\t\t\t\t\t<div class=\"elementor-spacer\">\n\t\t\t<div class=\"elementor-spacer-inner\"><\/div>\n\t\t<\/div>\n\t\t\t\t\t\t<\/div>\n\t\t\t\t<\/div>\n\t\t\t\t<div class=\"elementor-element elementor-element-bb68025 elementor-widget elementor-widget-heading\" data-id=\"bb68025\" data-element_type=\"widget\" data-widget_type=\"heading.default\">\n\t\t\t\t<div class=\"elementor-widget-container\">\n\t\t\t\t\t<h2 class=\"elementor-heading-title elementor-size-default\">Would you like to make an appointment?<\/h2>\t\t\t\t<\/div>\n\t\t\t\t<\/div>\n\t\t\t\t<div class=\"elementor-element elementor-element-775b9f0 elementor-widget elementor-widget-heading\" data-id=\"775b9f0\" data-element_type=\"widget\" data-widget_type=\"heading.default\">\n\t\t\t\t<div class=\"elementor-widget-container\">\n\t\t\t\t\t<h4 class=\"elementor-heading-title elementor-size-default\">Please call us at <br> <span style=\"color: #E86E65;font-weight: 600\">(030) 79 74 60 89<\/span><br><br>or write us an e-mail to:<br><a href=\"mailto:Info@ultraschallpraxis-heinze.de\"><u>Info@ultraschallpraxis-heinze.de<\/u><\/a><\/h4>\t\t\t\t<\/div>\n\t\t\t\t<\/div>\n\t\t\t\t<div class=\"elementor-element elementor-element-5a521d2 elementor-widget elementor-widget-button\" data-id=\"5a521d2\" data-element_type=\"widget\" data-widget_type=\"button.default\">\n\t\t\t\t<div class=\"elementor-widget-container\">\n\t\t\t\t\t\t\t\t\t<div class=\"elementor-button-wrapper\">\n\t\t\t\t\t<a class=\"elementor-button elementor-size-sm\" role=\"button\">\n\t\t\t\t\t\t<span class=\"elementor-button-content-wrapper\">\n\t\t\t\t\t\t\t\t\t<span class=\"elementor-button-text\">Employee wanted for our team!<\/span>\n\t\t\t\t\t<\/span>\n\t\t\t\t\t<\/a>\n\t\t\t\t<\/div>\n\t\t\t\t\t\t\t\t<\/div>\n\t\t\t\t<\/div>\n\t\t\t\t\t<\/div>\n\t\t<\/div>\n\t\t\t\t\t<\/div>\n\t\t<\/section>\n\t\t\t\t<\/div>","protected":false},"excerpt":{"rendered":"<p>Our practice - Dr Susanne Heinze Dr Susanne Heinze Your expert for prenatal diagnostics at the highest level Here I would like to briefly introduce myself: I have been working in prenatal medicine and prenatal diagnostics for over 20 years and offer my services at the highest level. My many years of experience and my dedication are honoured by regular professional [...]<\/p>","protected":false},"author":1,"featured_media":0,"parent":0,"menu_order":0,"comment_status":"closed","ping_status":"closed","template":"","meta":{"footnotes":""},"class_list":["post-2085","page","type-page","status-publish","hentry"],"_links":{"self":[{"href":"https:\/\/www.ultraschallpraxis-hartung.de\/en\/wp-json\/wp\/v2\/pages\/2085","targetHints":{"allow":["GET"]}}],"collection":[{"href":"https:\/\/www.ultraschallpraxis-hartung.de\/en\/wp-json\/wp\/v2\/pages"}],"about":[{"href":"https:\/\/www.ultraschallpraxis-hartung.de\/en\/wp-json\/wp\/v2\/types\/page"}],"author":[{"embeddable":true,"href":"https:\/\/www.ultraschallpraxis-hartung.de\/en\/wp-json\/wp\/v2\/users\/1"}],"replies":[{"embeddable":true,"href":"https:\/\/www.ultraschallpraxis-hartung.de\/en\/wp-json\/wp\/v2\/comments?post=2085"}],"version-history":[{"count":5,"href":"https:\/\/www.ultraschallpraxis-hartung.de\/en\/wp-json\/wp\/v2\/pages\/2085\/revisions"}],"predecessor-version":[{"id":2130,"href":"https:\/\/www.ultraschallpraxis-hartung.de\/en\/wp-json\/wp\/v2\/pages\/2085\/revisions\/2130"}],"wp:attachment":[{"href":"https:\/\/www.ultraschallpraxis-hartung.de\/en\/wp-json\/wp\/v2\/media?parent=2085"}],"curies":[{"name":"wp","href":"https:\/\/api.w.org\/{rel}","templated":true}]}}