{"id":32,"date":"2020-10-02T09:30:33","date_gmt":"2020-10-02T07:30:33","guid":{"rendered":"https:\/\/hartung.bitskin.de\/?page_id=32"},"modified":"2023-03-22T10:01:17","modified_gmt":"2023-03-22T09:01:17","slug":"imprint","status":"publish","type":"page","link":"https:\/\/www.ultraschallpraxis-hartung.de\/en\/imprint\/","title":{"rendered":"Imprint"},"content":{"rendered":"<div data-elementor-type=\"wp-page\" data-elementor-id=\"32\" class=\"elementor elementor-32\" data-elementor-post-type=\"page\">\n\t\t\t\t\t\t<section class=\"elementor-section elementor-top-section elementor-element elementor-element-d5dc6e4 elementor-section-height-min-height elementor-section-items-stretch elementor-section-content-bottom header elementor-section-boxed elementor-section-height-default\" data-id=\"d5dc6e4\" data-element_type=\"section\" data-settings=\"{&quot;background_background&quot;:&quot;classic&quot;}\">\n\t\t\t\t\t\t<div class=\"elementor-container elementor-column-gap-default\">\n\t\t\t\t\t<div class=\"elementor-column elementor-col-100 elementor-top-column elementor-element elementor-element-85bf6f8\" data-id=\"85bf6f8\" data-element_type=\"column\">\n\t\t\t<div class=\"elementor-widget-wrap elementor-element-populated\">\n\t\t\t\t\t\t<div class=\"elementor-element elementor-element-918243d elementor-widget elementor-widget-heading\" data-id=\"918243d\" data-element_type=\"widget\" data-widget_type=\"heading.default\">\n\t\t\t\t<div class=\"elementor-widget-container\">\n\t\t\t\t\t<h1 class=\"elementor-heading-title elementor-size-default\">Imprint<\/h1>\t\t\t\t<\/div>\n\t\t\t\t<\/div>\n\t\t\t\t\t<\/div>\n\t\t<\/div>\n\t\t\t\t\t<\/div>\n\t\t<\/section>\n\t\t\t\t<section class=\"elementor-section elementor-top-section elementor-element elementor-element-a7080ba elementor-section-boxed elementor-section-height-default elementor-section-height-default\" data-id=\"a7080ba\" data-element_type=\"section\">\n\t\t\t\t\t\t<div class=\"elementor-container elementor-column-gap-default\">\n\t\t\t\t\t<div class=\"elementor-column elementor-col-50 elementor-top-column elementor-element elementor-element-71be20b\" data-id=\"71be20b\" data-element_type=\"column\">\n\t\t\t<div class=\"elementor-widget-wrap elementor-element-populated\">\n\t\t\t\t\t\t<div class=\"elementor-element elementor-element-3ec0c86 elementor-widget elementor-widget-heading\" data-id=\"3ec0c86\" data-element_type=\"widget\" data-widget_type=\"heading.default\">\n\t\t\t\t<div class=\"elementor-widget-container\">\n\t\t\t\t\t<h4 class=\"elementor-heading-title elementor-size-default\">Service provider of the pages:<\/h4>\t\t\t\t<\/div>\n\t\t\t\t<\/div>\n\t\t\t\t<div class=\"elementor-element elementor-element-b34ddea elementor-widget elementor-widget-text-editor\" data-id=\"b34ddea\" data-element_type=\"widget\" data-widget_type=\"text-editor.default\">\n\t\t\t\t<div class=\"elementor-widget-container\">\n\t\t\t\t\t\t\t\t\t<p><strong>Dr John Hartung<\/strong><br \/>Specialist in gynaecology and obstetrics<br \/><a href=\"mailto:info@ultraschallpraxis-hartung.de\">info@ultraschallpraxis-hartung.de<\/a><\/p><p>\u00a0<\/p><p><strong>Contact &amp; Address <\/strong><br \/>Schlo\u00dfstr. 88<br \/>12163 Berlin (Steglitz)<br \/>Tel: (030) 79 74 60 89<br \/>Fax: (030) 79 74 60 88<\/p><p><strong>Design &amp; realisation:<\/strong><br \/><a href=\"https:\/\/www.bitskin.de\/\" target=\"_blank\" rel=\"noopener\"><img decoding=\"async\" class=\"alignnone\" style=\"width: 150px; height: 60px;\" src=\"https:\/\/www.bitskin.de\/STATISCH\/bitskin.jpg\" alt=\"Bitksin Agency in Berlin\" width=\"150\" height=\"60\" \/><\/a><\/p><p>\u00a0<\/p><p><strong>Text:<\/strong> J\u00f6rg Suckow<\/p><p><strong>Disclaimer for external links<\/strong><br \/>Despite careful checking, we accept no liability for the content of external links. The operators of external links are solely responsible for their content.<\/p>\t\t\t\t\t\t\t\t<\/div>\n\t\t\t\t<\/div>\n\t\t\t\t<div class=\"elementor-element elementor-element-5396c59 elementor-widget elementor-widget-spacer\" data-id=\"5396c59\" data-element_type=\"widget\" data-widget_type=\"spacer.default\">\n\t\t\t\t<div class=\"elementor-widget-container\">\n\t\t\t\t\t\t\t<div class=\"elementor-spacer\">\n\t\t\t<div class=\"elementor-spacer-inner\"><\/div>\n\t\t<\/div>\n\t\t\t\t\t\t<\/div>\n\t\t\t\t<\/div>\n\t\t\t\t\t<\/div>\n\t\t<\/div>\n\t\t\t\t<div class=\"elementor-column elementor-col-50 elementor-top-column elementor-element elementor-element-a97a2fc\" data-id=\"a97a2fc\" data-element_type=\"column\">\n\t\t\t<div class=\"elementor-widget-wrap elementor-element-populated\">\n\t\t\t\t\t\t<div class=\"elementor-element elementor-element-2bd6351 elementor-widget elementor-widget-heading\" data-id=\"2bd6351\" data-element_type=\"widget\" data-widget_type=\"heading.default\">\n\t\t\t\t<div class=\"elementor-widget-container\">\n\t\t\t\t\t<h4 class=\"elementor-heading-title elementor-size-default\">Mandatory information according to \u00a76 Teleservices Act for all medical members of the partnership:<\/h4>\t\t\t\t<\/div>\n\t\t\t\t<\/div>\n\t\t\t\t<div class=\"elementor-element elementor-element-7dec611 elementor-widget elementor-widget-text-editor\" data-id=\"7dec611\" data-element_type=\"widget\" data-widget_type=\"text-editor.default\">\n\t\t\t\t<div class=\"elementor-widget-container\">\n\t\t\t\t\t\t\t\t\t<p><strong>responsible Association of Statutory Health Insurance Physicians:<br \/>KV Berlin - corporation under public law<\/strong><br \/>Masurenallee 6 A<br \/>14057 Berlin<br \/>Tel: 030 31003 383<br \/>Internet: <a href=\"http:\/\/www.kvberlin.de\" target=\"_blank\" rel=\"external noopener\">http:\/\/www.kvberlin.de<\/a><br \/>Email: <a href=\"mailto:annette.kurth@kvberlin.de\">annette.kurth@kvberlin.de<\/a><\/p><p>\u00a0<\/p><p><strong>Responsible medical association:<br \/>Berlin Medical Association - corporation under public law<\/strong><br \/>Friedrichstrasse 16<br \/>10969 Berlin<br \/>Tel: 030 4080 6-0<br \/>Internet: <a href=\"http:\/\/www.aerztekammer-berlin.de\" target=\"_blank\" rel=\"external noopener\">http:\/\/www.aerztekammer-berlin.de<\/a><br \/>Email: <a href=\"mailto:kammer@aekb.de\">kammer@aekb.de<\/a><\/p><p>\u00a0<\/p><p><strong>Legal job title:<\/strong><br \/>Doctor (awarded in Germany)<\/p><p>\u00a0<\/p><p><strong>Professional regulations<\/strong><br \/>The professional regulations (professional code of conduct) can be found on the website of the Berlin Medical Association at <a href=\"http:\/\/www.aerztekammer-berlin.de\" target=\"_blank\" rel=\"external noopener\">http:\/\/www.aerztekammer-berlin.de<\/a>.<\/p>\t\t\t\t\t\t\t\t<\/div>\n\t\t\t\t<\/div>\n\t\t\t\t\t<\/div>\n\t\t<\/div>\n\t\t\t\t\t<\/div>\n\t\t<\/section>\n\t\t\t\t<\/div>","protected":false},"excerpt":{"rendered":"<p>Dienstanbieter der Seiten: Dr. med. John Hartung Facharzt f\u00fcr Gyn\u00e4kologie und Geburtshilfe info@ultraschallpraxis-hartung.de Kontakt &amp; Anschrift Schlo\u00dfstr. 88 12163 Berlin (Steglitz) Tel: (030) 79 74 60 89 Fax: (030) 79 74 60 88 Design &amp; Umsetzung: Text: J\u00f6rg Suckow Haftungsausschluss f\u00fcr externe Links Trotz sorgf\u00e4ltiger Kontrolle \u00fcbernehmen wir keine Haftung f\u00fcr die Inhalte externer Links. [&hellip;]<\/p>","protected":false},"author":1,"featured_media":0,"parent":0,"menu_order":0,"comment_status":"closed","ping_status":"closed","template":"","meta":{"footnotes":""},"class_list":["post-32","page","type-page","status-publish","hentry"],"_links":{"self":[{"href":"https:\/\/www.ultraschallpraxis-hartung.de\/en\/wp-json\/wp\/v2\/pages\/32","targetHints":{"allow":["GET"]}}],"collection":[{"href":"https:\/\/www.ultraschallpraxis-hartung.de\/en\/wp-json\/wp\/v2\/pages"}],"about":[{"href":"https:\/\/www.ultraschallpraxis-hartung.de\/en\/wp-json\/wp\/v2\/types\/page"}],"author":[{"embeddable":true,"href":"https:\/\/www.ultraschallpraxis-hartung.de\/en\/wp-json\/wp\/v2\/users\/1"}],"replies":[{"embeddable":true,"href":"https:\/\/www.ultraschallpraxis-hartung.de\/en\/wp-json\/wp\/v2\/comments?post=32"}],"version-history":[{"count":5,"href":"https:\/\/www.ultraschallpraxis-hartung.de\/en\/wp-json\/wp\/v2\/pages\/32\/revisions"}],"predecessor-version":[{"id":1424,"href":"https:\/\/www.ultraschallpraxis-hartung.de\/en\/wp-json\/wp\/v2\/pages\/32\/revisions\/1424"}],"wp:attachment":[{"href":"https:\/\/www.ultraschallpraxis-hartung.de\/en\/wp-json\/wp\/v2\/media?parent=32"}],"curies":[{"name":"wp","href":"https:\/\/api.w.org\/{rel}","templated":true}]}}